{"id":18701,"date":"2020-12-08T10:34:51","date_gmt":"2020-12-08T10:34:51","guid":{"rendered":"http:\/\/dev.caseaberlino.com\/?page_id=18701"},"modified":"2024-03-28T17:19:43","modified_gmt":"2024-03-28T17:19:43","slug":"nuova","status":"publish","type":"page","link":"https:\/\/www.caseaberlino.com\/it\/servizi\/nuova\/","title":{"rendered":"Valutazione Immobiliare"},"content":{"rendered":"\n\t<section class=\"section has-parallax\" id=\"section_1825132769\">\n\t\t<div class=\"section-bg fill\" data-parallax-container=\".section\" data-parallax-background data-parallax=\"-3\">\n\t\t\t<img loading=\"lazy\" decoding=\"async\" width=\"2550\" height=\"1701\" src=\"https:\/\/www.caseaberlino.com\/wp-content\/uploads\/2020\/10\/photo-1551036746-04a04d0aaa22.jpeg\" class=\"bg attachment-original size-original\" alt=\"\" \/>\t\t\t\t\t\t<div class=\"section-bg-overlay absolute fill\"><\/div>\n\t\t\t\n\n\t\t<\/div>\n\n\t\t\n\n\t\t<div class=\"section-content relative\">\n\t\t\t\n  <div id=\"page-header-372435615\" class=\"page-header-wrapper\">\n  <div class=\"page-title dark simple-title has-parallax\">\n\n    \n    <div class=\"page-title-inner container align-center flex-row medium-flex-wrap\" >\n              <div class=\"title-wrapper is-xlarge flex-col text-left medium-text-center\">\n          <h1 class=\"entry-title mb-0\">\n            Valutazione Immobiliare          <\/h1>\n        <\/div>\n                    <div class=\"title-content flex-col flex-right text-right medium-text-center\">\n        <div class=\"title-breadcrumbs pb-half pt-half\"><\/div>      <\/div>\n    <\/div>\n\n     \n<style>\n#page-header-372435615 .page-title-inner {\n  min-height: 91px;\n}\n<\/style>\n  <\/div>\n    <\/div>\n  \n\t\t<\/div>\n\n\t\t\n<style>\n#section_1825132769 {\n  padding-top: 30px;\n  padding-bottom: 30px;\n  background-color: rgba(168, 164, 164, 0.83);\n}\n#section_1825132769 .section-bg-overlay {\n  background-color: rgba(102, 100, 100, 0.36);\n}\n#section_1825132769 .section-bg img {\n  object-position: 38% 64%;\n}\n<\/style>\n\t<\/section>\n\t\n\t<div id=\"gap-1985701460\" class=\"gap-element clearfix\" style=\"display:block; height:auto;\">\n\t\t\n<style>\n#gap-1985701460 {\n  padding-top: 51px;\n}\n<\/style>\n\t<\/div>\n\t\n<div class=\"row row-collapse align-equal\"  id=\"row-976393013\">\n\n\t<div id=\"col-1612746667\" class=\"col medium-1 small-12 large-1\"  >\n\t\t\t\t<div class=\"col-inner text-center\"  >\n\t\t\t\n\t\t\t\n\t<div class=\"img has-hover x md-x lg-x y md-y lg-y\" id=\"image_917412931\">\n\t\t\t\t\t\t\t\t<div class=\"img-inner dark\" >\n\t\t\t<img loading=\"lazy\" decoding=\"async\" width=\"369\" height=\"390\" src=\"https:\/\/www.caseaberlino.com\/wp-content\/uploads\/2020\/10\/amministrazione_T-1.png\" class=\"attachment-large size-large\" alt=\"\" \/>\t\t\t\t\t\t\n\t\t\t\t\t<\/div>\n\t\t\t\t\t\t\t\t\n<style>\n#image_917412931 {\n  width: 23%;\n}\n@media (min-width:550px) {\n  #image_917412931 {\n    width: 70%;\n  }\n}\n<\/style>\n\t<\/div>\n\t\n\t\t<\/div>\n\t\t\t\t\t<\/div>\n\n\t\n\n\t<div id=\"col-322752623\" class=\"col show-for-small medium-1 small-1 large-1\"  >\n\t\t\t\t<div class=\"col-inner text-center\"  >\n\t\t\t\n\t\t\t\n\t\t<\/div>\n\t\t\t\t\t<\/div>\n\n\t\n\n\t<div id=\"col-368750476\" class=\"col medium-10 small-10 large-10\"  >\n\t\t\t\t<div class=\"col-inner\"  >\n\t\t\t\n\t\t\t\n<h1><span style=\"font-size: 85%; color: #282828;\">La considerazione di vendere \u00e8 fatta con cura.<\/span><br \/>\n<span style=\"font-size: 85%; color: #282828;\">Tutti gli aspetti del mercato immobiliare e le decisioni personali costituiscono la base.<\/span><\/h1>\n<p>Prima di mettere in vendita la vostra propriet\u00e0, \u00e8 consigliabile determinare esattamente il valore della propriet\u00e0.<br \/>\nPer poter fare questa valutazione per voi nel miglior modo possibile, abbiamo bisogno di informazioni dettagliate.<\/p>\n<p>Ci siederemo con voi e faremo i primi passi importanti insieme:<\/p>\n\t<div id=\"gap-688964094\" class=\"gap-element clearfix\" style=\"display:block; height:auto;\">\n\t\t\n<style>\n#gap-688964094 {\n  padding-top: 15px;\n}\n<\/style>\n\t<\/div>\n\t\n<p><script type=\"text\/javascript\" src=\"https:\/\/www.casafari.com\/valuation-widget\/widget.js\"><\/script> <script type=\"text\/javascript\"> window.initializeCasafariWidget({ key: \"EE355078B4A90E9B9DF8D5FDA54A\", operationType: \"sell\/rent\", ccEmails: [\"gs@caseaberlino.com\",\"info@caseaberlino.com\"]}); <\/script><\/p>\n\t\t<\/div>\n\t\t\t\t\t<\/div>\n\n\t\n\n<style>\n#row-976393013 > .col > .col-inner {\n  padding: 0px 0px 0px 0px 0;\n}\n<\/style>\n<\/div>\n<div class=\"row row-collapse align-equal\"  id=\"row-1515524507\">\n\n\t<div id=\"col-821305851\" class=\"col medium-1 small-12 large-1\"  >\n\t\t\t\t<div class=\"col-inner\"  >\n\t\t\t\n\t\t\t\n\t\t<\/div>\n\t\t\t\t\t<\/div>\n\n\t\n\n\t<div id=\"col-376497757\" class=\"col medium-9 small-12 large-9\"  >\n\t\t\t\t<div class=\"col-inner\"  >\n\t\t\t\n\t\t\t\n<div class=\"accordion\">\n\t<div id=\"accordion-2889366812\" class=\"accordion-item\">\n\t\t<a id=\"accordion-2889366812-label\" class=\"accordion-title plain active\" href=\"#accordion-item-1---conoscersi-di-persona\" aria-expanded=\"true\" aria-controls=\"accordion-2889366812-content\" >\n\t\t\t<button class=\"toggle\" aria-label=\"Attiva\/Disattiva\"><i class=\"icon-angle-down\"><\/i><\/button>\n\t\t\t<span>1 - Conoscersi di persona<\/span>\n\t\t<\/a>\n\t\t<div id=\"accordion-2889366812-content\" class=\"accordion-inner\" style=\"display: block;\" aria-labelledby=\"accordion-2889366812-label\" >\n\t\t\t\n<div class=\"row row-small\"  id=\"row-1830015578\">\n\n\t<div id=\"col-740235156\" class=\"col medium-2 small-12 large-2\"  >\n\t\t\t\t<div class=\"col-inner\"  >\n\t\t\t\n\t\t\t\n\t<div class=\"img has-hover x md-x lg-x y md-y lg-y\" id=\"image_1660243923\">\n\t\t\t\t\t\t\t\t<div class=\"img-inner image-cover dark\" style=\"padding-top:100%;\">\n\t\t\t<img loading=\"lazy\" decoding=\"async\" width=\"1020\" height=\"680\" src=\"https:\/\/www.caseaberlino.com\/wp-content\/uploads\/2020\/10\/photo-1554415707-c1426270e0da-1200x800.jpeg\" class=\"attachment-large size-large\" alt=\"\" srcset=\"https:\/\/www.caseaberlino.com\/wp-content\/uploads\/2020\/10\/photo-1554415707-c1426270e0da-1200x800.jpeg 1200w, https:\/\/www.caseaberlino.com\/wp-content\/uploads\/2020\/10\/photo-1554415707-c1426270e0da-600x400.jpeg 600w, https:\/\/www.caseaberlino.com\/wp-content\/uploads\/2020\/10\/photo-1554415707-c1426270e0da-768x512.jpeg 768w, https:\/\/www.caseaberlino.com\/wp-content\/uploads\/2020\/10\/photo-1554415707-c1426270e0da-1536x1024.jpeg 1536w, https:\/\/www.caseaberlino.com\/wp-content\/uploads\/2020\/10\/photo-1554415707-c1426270e0da-2048x1365.jpeg 2048w\" sizes=\"auto, (max-width: 1020px) 100vw, 1020px\" \/>\t\t\t\t\t\t\n\t\t\t\t\t<\/div>\n\t\t\t\t\t\t\t\t\n<style>\n#image_1660243923 {\n  width: 40%;\n}\n@media (min-width:550px) {\n  #image_1660243923 {\n    width: 100%;\n  }\n}\n<\/style>\n\t<\/div>\n\t\n\t\t<\/div>\n\t\t\t\t\t<\/div>\n\n\t\n\n\t<div id=\"col-1630538267\" class=\"col medium-9 small-12 large-9\"  >\n\t\t\t\t<div class=\"col-inner\"  >\n\t\t\t\n\t\t\t\n<p><strong>Organizziamo un appuntamento in loco o per telefono.<\/strong><\/p>\n<p>Qui scopriamo tutto ci\u00f2 che \u00e8 importante sulla vostra propriet\u00e0. Per una valutazione accurata chiariamo quali informazioni sono necessarie per la determinazione del prezzo di vendita:<\/p>\n<ul>\n<li>Verbali delle riunioni dei proprietari<\/li>\n<li>Estratto della riserva di manutenzione<\/li>\n<li>Piani economici annuali<\/li>\n<li>Certificato energetico<\/li>\n<li>Dichiarazione di divisione<\/li>\n<li>Foglio del libro fondiario<\/li>\n<\/ul>\n\t\t<\/div>\n\t\t\t\t\t<\/div>\n\n\t\n<\/div>\n\t\t<\/div>\n\t<\/div>\n\t\n\t<div id=\"accordion-3023255686\" class=\"accordion-item\">\n\t\t<a id=\"accordion-3023255686-label\" class=\"accordion-title plain\" href=\"#accordion-item-2---valutazione-e-mandato\" aria-expanded=\"false\" aria-controls=\"accordion-3023255686-content\" >\n\t\t\t<button class=\"toggle\" aria-label=\"Attiva\/Disattiva\"><i class=\"icon-angle-down\"><\/i><\/button>\n\t\t\t<span>2 - Valutazione e mandato<\/span>\n\t\t<\/a>\n\t\t<div id=\"accordion-3023255686-content\" class=\"accordion-inner\" aria-labelledby=\"accordion-3023255686-label\" >\n\t\t\t\n<div class=\"row row-small\"  id=\"row-170935655\">\n\n\t<div id=\"col-1496137288\" class=\"col medium-2 small-12 large-2\"  >\n\t\t\t\t<div class=\"col-inner\"  >\n\t\t\t\n\t\t\t\n\t<div class=\"img has-hover x md-x lg-x y md-y lg-y\" id=\"image_860583245\">\n\t\t\t\t\t\t\t\t<div class=\"img-inner image-cover dark\" style=\"padding-top:100%;\">\n\t\t\t<img loading=\"lazy\" decoding=\"async\" width=\"1020\" height=\"680\" src=\"https:\/\/www.caseaberlino.com\/wp-content\/uploads\/2020\/10\/gabrielle-henderson-HJckKnwCXxQ-unsplash-1200x800.jpg\" class=\"attachment-large size-large\" alt=\"\" srcset=\"https:\/\/www.caseaberlino.com\/wp-content\/uploads\/2020\/10\/gabrielle-henderson-HJckKnwCXxQ-unsplash-1200x800.jpg 1200w, https:\/\/www.caseaberlino.com\/wp-content\/uploads\/2020\/10\/gabrielle-henderson-HJckKnwCXxQ-unsplash-600x400.jpg 600w, https:\/\/www.caseaberlino.com\/wp-content\/uploads\/2020\/10\/gabrielle-henderson-HJckKnwCXxQ-unsplash-768x512.jpg 768w, https:\/\/www.caseaberlino.com\/wp-content\/uploads\/2020\/10\/gabrielle-henderson-HJckKnwCXxQ-unsplash-1536x1024.jpg 1536w, https:\/\/www.caseaberlino.com\/wp-content\/uploads\/2020\/10\/gabrielle-henderson-HJckKnwCXxQ-unsplash-2048x1365.jpg 2048w\" sizes=\"auto, (max-width: 1020px) 100vw, 1020px\" \/>\t\t\t\t\t\t\n\t\t\t\t\t<\/div>\n\t\t\t\t\t\t\t\t\n<style>\n#image_860583245 {\n  width: 40%;\n}\n@media (min-width:550px) {\n  #image_860583245 {\n    width: 100%;\n  }\n}\n<\/style>\n\t<\/div>\n\t\n\t\t<\/div>\n\t\t\t\t\t<\/div>\n\n\t\n\n\t<div id=\"col-584332205\" class=\"col medium-9 small-12 large-9\"  >\n\t\t\t\t<div class=\"col-inner\"  >\n\t\t\t\n\t\t\t\n<p>Stimiamo il <strong>valore<\/strong> della vostra propriet\u00e0 con l&#8217;aiuto di una precisa <strong>analisi di mercato<\/strong> e dei seguenti <strong>dati chiave<\/strong>:<\/p>\n<ul>\n<li>Anno di costruzione<\/li>\n<li>Condizioni dell&#8217;appartamento<\/li>\n<li>Infrastruttura<\/li>\n<li>Pianta<\/li>\n<li>Condizioni dell&#8217;edificio<\/li>\n<\/ul>\n<p>Vi diamo l&#8217;attuale <strong>valore di mercato dopo un&#8217;analisi comparativa<\/strong> e poi concordiamo con voi un prezzo di vendita individuale.<\/p>\n<p>Dopo aver controllato tutti i documenti, vi offriamo un mandato.<br \/>\nIl processo di vendita della vostra propriet\u00e0 pu\u00f2 iniziare.<\/p>\n\t\t<\/div>\n\t\t\t\t\t<\/div>\n\n\t\n<\/div>\n\t\t<\/div>\n\t<\/div>\n\t\n<\/div>\n\t\t<\/div>\n\t\t\t\t\n<style>\n#col-376497757 > .col-inner {\n  padding: 0px 00px 0px 0px 0px;\n}\n<\/style>\n\t<\/div>\n\n\t\n\n<style>\n#row-1515524507 > .col > .col-inner {\n  padding: 0px 0px 0px 0px 0;\n}\n<\/style>\n<\/div>\n\t<div id=\"gap-137813956\" class=\"gap-element clearfix\" style=\"display:block; height:auto;\">\n\t\t\n<style>\n#gap-137813956 {\n  padding-top: 51px;\n}\n<\/style>\n\t<\/div>\n\t\n","protected":false},"excerpt":{"rendered":"","protected":false},"author":1,"featured_media":4904,"parent":5008,"menu_order":1,"comment_status":"closed","ping_status":"closed","template":"page-blank.php","meta":{"_monsterinsights_skip_tracking":false,"_monsterinsights_sitenote_active":false,"_monsterinsights_sitenote_note":"","_monsterinsights_sitenote_category":0,"footnotes":""},"class_list":["post-18701","page","type-page","status-publish","has-post-thumbnail","hentry"],"yoast_head":"<!-- This site is optimized with the Yoast SEO plugin v26.4 - https:\/\/yoast.com\/wordpress\/plugins\/seo\/ -->\n<title>Valutazione Immobiliare - CaB<\/title>\n<meta name=\"robots\" content=\"index, follow, max-snippet:-1, max-image-preview:large, max-video-preview:-1\" \/>\n<link rel=\"canonical\" href=\"https:\/\/www.caseaberlino.com\/it\/servizi\/nuova\/\" \/>\n<meta property=\"og:locale\" content=\"it_IT\" \/>\n<meta property=\"og:type\" content=\"article\" \/>\n<meta property=\"og:title\" content=\"Valutazione Immobiliare - CaB\" \/>\n<meta property=\"og:url\" content=\"https:\/\/www.caseaberlino.com\/it\/servizi\/nuova\/\" \/>\n<meta property=\"og:site_name\" content=\"CaB\" \/>\n<meta property=\"article:publisher\" content=\"https:\/\/www.facebook.com\/CaseaBerlino\/\" \/>\n<meta property=\"article:modified_time\" content=\"2024-03-28T17:19:43+00:00\" \/>\n<meta property=\"og:image\" content=\"https:\/\/www.caseaberlino.com\/wp-content\/uploads\/2020\/09\/maria-ziegler-jJnZg7vBfMs-unsplash-scaled.jpg\" \/>\n\t<meta property=\"og:image:width\" content=\"2560\" \/>\n\t<meta property=\"og:image:height\" content=\"1922\" \/>\n\t<meta property=\"og:image:type\" content=\"image\/jpeg\" \/>\n<meta name=\"twitter:card\" content=\"summary_large_image\" \/>\n<meta name=\"twitter:label1\" content=\"Est. reading time\" \/>\n\t<meta name=\"twitter:data1\" content=\"2 minuti\" \/>\n<script type=\"application\/ld+json\" class=\"yoast-schema-graph\">{\"@context\":\"https:\/\/schema.org\",\"@graph\":[{\"@type\":\"WebPage\",\"@id\":\"https:\/\/www.caseaberlino.com\/it\/servizi\/nuova\/\",\"url\":\"https:\/\/www.caseaberlino.com\/it\/servizi\/nuova\/\",\"name\":\"Valutazione Immobiliare - CaB\",\"isPartOf\":{\"@id\":\"https:\/\/www.caseaberlino.com\/it\/#website\"},\"primaryImageOfPage\":{\"@id\":\"https:\/\/www.caseaberlino.com\/it\/servizi\/nuova\/#primaryimage\"},\"image\":{\"@id\":\"https:\/\/www.caseaberlino.com\/it\/servizi\/nuova\/#primaryimage\"},\"thumbnailUrl\":\"https:\/\/www.caseaberlino.com\/wp-content\/uploads\/2020\/09\/maria-ziegler-jJnZg7vBfMs-unsplash-scaled.jpg\",\"datePublished\":\"2020-12-08T10:34:51+00:00\",\"dateModified\":\"2024-03-28T17:19:43+00:00\",\"breadcrumb\":{\"@id\":\"https:\/\/www.caseaberlino.com\/it\/servizi\/nuova\/#breadcrumb\"},\"inLanguage\":\"it-IT\",\"potentialAction\":[{\"@type\":\"ReadAction\",\"target\":[\"https:\/\/www.caseaberlino.com\/it\/servizi\/nuova\/\"]}]},{\"@type\":\"ImageObject\",\"inLanguage\":\"it-IT\",\"@id\":\"https:\/\/www.caseaberlino.com\/it\/servizi\/nuova\/#primaryimage\",\"url\":\"https:\/\/www.caseaberlino.com\/wp-content\/uploads\/2020\/09\/maria-ziegler-jJnZg7vBfMs-unsplash-scaled.jpg\",\"contentUrl\":\"https:\/\/www.caseaberlino.com\/wp-content\/uploads\/2020\/09\/maria-ziegler-jJnZg7vBfMs-unsplash-scaled.jpg\",\"width\":2560,\"height\":1922},{\"@type\":\"BreadcrumbList\",\"@id\":\"https:\/\/www.caseaberlino.com\/it\/servizi\/nuova\/#breadcrumb\",\"itemListElement\":[{\"@type\":\"ListItem\",\"position\":1,\"name\":\"Home\",\"item\":\"https:\/\/www.caseaberlino.com\/it\/home\/\"},{\"@type\":\"ListItem\",\"position\":2,\"name\":\"Servizi\",\"item\":\"https:\/\/www.caseaberlino.com\/it\/servizi\/\"},{\"@type\":\"ListItem\",\"position\":3,\"name\":\"Valutazione Immobiliare\"}]},{\"@type\":\"WebSite\",\"@id\":\"https:\/\/www.caseaberlino.com\/it\/#website\",\"url\":\"https:\/\/www.caseaberlino.com\/it\/\",\"name\":\"CaB - Case a Berlino\",\"description\":\"CASE a BERLINO\",\"publisher\":{\"@id\":\"https:\/\/www.caseaberlino.com\/it\/#organization\"},\"potentialAction\":[{\"@type\":\"SearchAction\",\"target\":{\"@type\":\"EntryPoint\",\"urlTemplate\":\"https:\/\/www.caseaberlino.com\/it\/?s={search_term_string}\"},\"query-input\":{\"@type\":\"PropertyValueSpecification\",\"valueRequired\":true,\"valueName\":\"search_term_string\"}}],\"inLanguage\":\"it-IT\"},{\"@type\":\"Organization\",\"@id\":\"https:\/\/www.caseaberlino.com\/it\/#organization\",\"name\":\"CaB\",\"url\":\"https:\/\/www.caseaberlino.com\/it\/\",\"logo\":{\"@type\":\"ImageObject\",\"inLanguage\":\"it-IT\",\"@id\":\"https:\/\/www.caseaberlino.com\/it\/#\/schema\/logo\/image\/\",\"url\":\"https:\/\/www.caseaberlino.com\/wp-content\/uploads\/2024\/02\/2-image.png\",\"contentUrl\":\"https:\/\/www.caseaberlino.com\/wp-content\/uploads\/2024\/02\/2-image.png\",\"width\":1205,\"height\":758,\"caption\":\"CaB\"},\"image\":{\"@id\":\"https:\/\/www.caseaberlino.com\/it\/#\/schema\/logo\/image\/\"},\"sameAs\":[\"https:\/\/www.facebook.com\/CaseaBerlino\/\",\"https:\/\/www.instagram.com\/caseaberlino\/?hl=it\",\"https:\/\/de.linkedin.com\/company\/case-a-berlino-gbr\"]}]}<\/script>\n<!-- \/ Yoast SEO plugin. -->","yoast_head_json":{"title":"Valutazione Immobiliare - CaB","robots":{"index":"index","follow":"follow","max-snippet":"max-snippet:-1","max-image-preview":"max-image-preview:large","max-video-preview":"max-video-preview:-1"},"canonical":"https:\/\/www.caseaberlino.com\/it\/servizi\/nuova\/","og_locale":"it_IT","og_type":"article","og_title":"Valutazione Immobiliare - CaB","og_url":"https:\/\/www.caseaberlino.com\/it\/servizi\/nuova\/","og_site_name":"CaB","article_publisher":"https:\/\/www.facebook.com\/CaseaBerlino\/","article_modified_time":"2024-03-28T17:19:43+00:00","og_image":[{"width":2560,"height":1922,"url":"https:\/\/www.caseaberlino.com\/wp-content\/uploads\/2020\/09\/maria-ziegler-jJnZg7vBfMs-unsplash-scaled.jpg","type":"image\/jpeg"}],"twitter_card":"summary_large_image","twitter_misc":{"Est. reading time":"2 minuti"},"schema":{"@context":"https:\/\/schema.org","@graph":[{"@type":"WebPage","@id":"https:\/\/www.caseaberlino.com\/it\/servizi\/nuova\/","url":"https:\/\/www.caseaberlino.com\/it\/servizi\/nuova\/","name":"Valutazione Immobiliare - CaB","isPartOf":{"@id":"https:\/\/www.caseaberlino.com\/it\/#website"},"primaryImageOfPage":{"@id":"https:\/\/www.caseaberlino.com\/it\/servizi\/nuova\/#primaryimage"},"image":{"@id":"https:\/\/www.caseaberlino.com\/it\/servizi\/nuova\/#primaryimage"},"thumbnailUrl":"https:\/\/www.caseaberlino.com\/wp-content\/uploads\/2020\/09\/maria-ziegler-jJnZg7vBfMs-unsplash-scaled.jpg","datePublished":"2020-12-08T10:34:51+00:00","dateModified":"2024-03-28T17:19:43+00:00","breadcrumb":{"@id":"https:\/\/www.caseaberlino.com\/it\/servizi\/nuova\/#breadcrumb"},"inLanguage":"it-IT","potentialAction":[{"@type":"ReadAction","target":["https:\/\/www.caseaberlino.com\/it\/servizi\/nuova\/"]}]},{"@type":"ImageObject","inLanguage":"it-IT","@id":"https:\/\/www.caseaberlino.com\/it\/servizi\/nuova\/#primaryimage","url":"https:\/\/www.caseaberlino.com\/wp-content\/uploads\/2020\/09\/maria-ziegler-jJnZg7vBfMs-unsplash-scaled.jpg","contentUrl":"https:\/\/www.caseaberlino.com\/wp-content\/uploads\/2020\/09\/maria-ziegler-jJnZg7vBfMs-unsplash-scaled.jpg","width":2560,"height":1922},{"@type":"BreadcrumbList","@id":"https:\/\/www.caseaberlino.com\/it\/servizi\/nuova\/#breadcrumb","itemListElement":[{"@type":"ListItem","position":1,"name":"Home","item":"https:\/\/www.caseaberlino.com\/it\/home\/"},{"@type":"ListItem","position":2,"name":"Servizi","item":"https:\/\/www.caseaberlino.com\/it\/servizi\/"},{"@type":"ListItem","position":3,"name":"Valutazione Immobiliare"}]},{"@type":"WebSite","@id":"https:\/\/www.caseaberlino.com\/it\/#website","url":"https:\/\/www.caseaberlino.com\/it\/","name":"CaB - Case a Berlino","description":"CASE a BERLINO","publisher":{"@id":"https:\/\/www.caseaberlino.com\/it\/#organization"},"potentialAction":[{"@type":"SearchAction","target":{"@type":"EntryPoint","urlTemplate":"https:\/\/www.caseaberlino.com\/it\/?s={search_term_string}"},"query-input":{"@type":"PropertyValueSpecification","valueRequired":true,"valueName":"search_term_string"}}],"inLanguage":"it-IT"},{"@type":"Organization","@id":"https:\/\/www.caseaberlino.com\/it\/#organization","name":"CaB","url":"https:\/\/www.caseaberlino.com\/it\/","logo":{"@type":"ImageObject","inLanguage":"it-IT","@id":"https:\/\/www.caseaberlino.com\/it\/#\/schema\/logo\/image\/","url":"https:\/\/www.caseaberlino.com\/wp-content\/uploads\/2024\/02\/2-image.png","contentUrl":"https:\/\/www.caseaberlino.com\/wp-content\/uploads\/2024\/02\/2-image.png","width":1205,"height":758,"caption":"CaB"},"image":{"@id":"https:\/\/www.caseaberlino.com\/it\/#\/schema\/logo\/image\/"},"sameAs":["https:\/\/www.facebook.com\/CaseaBerlino\/","https:\/\/www.instagram.com\/caseaberlino\/?hl=it","https:\/\/de.linkedin.com\/company\/case-a-berlino-gbr"]}]}},"_links":{"self":[{"href":"https:\/\/www.caseaberlino.com\/it\/wp-json\/wp\/v2\/pages\/18701","targetHints":{"allow":["GET"]}}],"collection":[{"href":"https:\/\/www.caseaberlino.com\/it\/wp-json\/wp\/v2\/pages"}],"about":[{"href":"https:\/\/www.caseaberlino.com\/it\/wp-json\/wp\/v2\/types\/page"}],"author":[{"embeddable":true,"href":"https:\/\/www.caseaberlino.com\/it\/wp-json\/wp\/v2\/users\/1"}],"replies":[{"embeddable":true,"href":"https:\/\/www.caseaberlino.com\/it\/wp-json\/wp\/v2\/comments?post=18701"}],"version-history":[{"count":7,"href":"https:\/\/www.caseaberlino.com\/it\/wp-json\/wp\/v2\/pages\/18701\/revisions"}],"predecessor-version":[{"id":364446,"href":"https:\/\/www.caseaberlino.com\/it\/wp-json\/wp\/v2\/pages\/18701\/revisions\/364446"}],"up":[{"embeddable":true,"href":"https:\/\/www.caseaberlino.com\/it\/wp-json\/wp\/v2\/pages\/5008"}],"wp:featuredmedia":[{"embeddable":true,"href":"https:\/\/www.caseaberlino.com\/it\/wp-json\/wp\/v2\/media\/4904"}],"wp:attachment":[{"href":"https:\/\/www.caseaberlino.com\/it\/wp-json\/wp\/v2\/media?parent=18701"}],"curies":[{"name":"wp","href":"https:\/\/api.w.org\/{rel}","templated":true}]}}